{"id":8580,"date":"2024-01-26T10:16:50","date_gmt":"2024-01-26T10:16:50","guid":{"rendered":"https:\/\/bemanor-website.soliduskodas.lt\/privacy-policy\/"},"modified":"2024-02-28T15:29:21","modified_gmt":"2024-02-28T15:29:21","slug":"privacy-policy","status":"publish","type":"page","link":"https:\/\/bemanor.no\/sv\/privacy-policy\/","title":{"rendered":"Privacy Policy"},"content":{"rendered":"\t\t<div data-elementor-type=\"wp-page\" data-elementor-id=\"8580\" class=\"elementor elementor-8580 elementor-3\" data-elementor-post-type=\"page\">\n\t\t\t\t<div class=\"elementor-element elementor-element-111dc2d privacy-page-container e-flex e-con-boxed e-con e-parent\" data-id=\"111dc2d\" data-element_type=\"container\" data-core-v316-plus=\"true\">\n\t\t\t\t\t<div class=\"e-con-inner\">\n\t\t\t\t<div class=\"elementor-element elementor-element-6025e70 elementor-widget elementor-widget-heading\" data-id=\"6025e70\" data-element_type=\"widget\" data-widget_type=\"heading.default\">\n\t\t\t\t<div class=\"elementor-widget-container\">\n\t\t\t<style>\/*! elementor - v3.20.0 - 13-03-2024 *\/\n.elementor-heading-title{padding:0;margin:0;line-height:1}.elementor-widget-heading .elementor-heading-title[class*=elementor-size-]>a{color:inherit;font-size:inherit;line-height:inherit}.elementor-widget-heading .elementor-heading-title.elementor-size-small{font-size:15px}.elementor-widget-heading .elementor-heading-title.elementor-size-medium{font-size:19px}.elementor-widget-heading .elementor-heading-title.elementor-size-large{font-size:29px}.elementor-widget-heading .elementor-heading-title.elementor-size-xl{font-size:39px}.elementor-widget-heading .elementor-heading-title.elementor-size-xxl{font-size:59px}<\/style><h2 class=\"elementor-heading-title elementor-size-default\">integritetspolicy <\/h2>\t\t<\/div>\n\t\t\t\t<\/div>\n\t\t\t\t\t<\/div>\n\t\t\t\t<\/div>\n\t\t<div class=\"elementor-element elementor-element-5fbf49c7 privacy-page-container e-flex e-con-boxed e-con e-parent\" data-id=\"5fbf49c7\" data-element_type=\"container\" data-core-v316-plus=\"true\">\n\t\t\t\t\t<div class=\"e-con-inner\">\n\t\t\t\t<div class=\"elementor-element elementor-element-9762c0e elementor-widget elementor-widget-heading\" data-id=\"9762c0e\" data-element_type=\"widget\" data-widget_type=\"heading.default\">\n\t\t\t\t<div class=\"elementor-widget-container\">\n\t\t\t<h2 class=\"elementor-heading-title elementor-size-default\">1. ALLM\u00c4NNA BEST\u00c4MMELSER<\/h2>\t\t<\/div>\n\t\t\t\t<\/div>\n\t\t\t\t<div class=\"elementor-element elementor-element-699a83d elementor-widget elementor-widget-text-editor\" data-id=\"699a83d\" data-element_type=\"widget\" data-widget_type=\"text-editor.default\">\n\t\t\t\t<div class=\"elementor-widget-container\">\n\t\t\t<style>\/*! elementor - v3.20.0 - 13-03-2024 *\/\n.elementor-widget-text-editor.elementor-drop-cap-view-stacked .elementor-drop-cap{background-color:#69727d;color:#fff}.elementor-widget-text-editor.elementor-drop-cap-view-framed .elementor-drop-cap{color:#69727d;border:3px solid;background-color:transparent}.elementor-widget-text-editor:not(.elementor-drop-cap-view-default) .elementor-drop-cap{margin-top:8px}.elementor-widget-text-editor:not(.elementor-drop-cap-view-default) .elementor-drop-cap-letter{width:1em;height:1em}.elementor-widget-text-editor .elementor-drop-cap{float:left;text-align:center;line-height:1;font-size:50px}.elementor-widget-text-editor .elementor-drop-cap-letter{display:inline-block}<\/style>\t\t\t\t<p>&#8221;Bemanor&#8221; AS anger att det f\u00f6retagsdrivna webbplatsen Bemanor.lt fungerar enligt de regler och villkor som anges i denna sekretesspolicy. Dessutom informerar &#8221;Bemanor&#8221; AS att denna sekretesspolicy reglerar insamling och hantering av kundpersonuppgifter, syftet med att anv\u00e4nda s\u00e5dana data och insamlingsmetoder, samt regler f\u00f6r publicering av information p\u00e5 webbplatsen bemanor.lt och eventuella begr\u00e4nsningar av tj\u00e4nsteleverans. <\/p>\n\t\t\t\t\t\t<\/div>\n\t\t\t\t<\/div>\n\t\t\t\t\t<\/div>\n\t\t\t\t<\/div>\n\t\t<div class=\"elementor-element elementor-element-8609611 privacy-page-container e-flex e-con-boxed e-con e-parent\" data-id=\"8609611\" data-element_type=\"container\" data-core-v316-plus=\"true\">\n\t\t\t\t\t<div class=\"e-con-inner\">\n\t\t\t\t<div class=\"elementor-element elementor-element-ccb7a42 elementor-widget elementor-widget-heading\" data-id=\"ccb7a42\" data-element_type=\"widget\" data-widget_type=\"heading.default\">\n\t\t\t\t<div class=\"elementor-widget-container\">\n\t\t\t<h2 class=\"elementor-heading-title elementor-size-default\">2. KUNDENS R\u00c4TTIGHETER OCH SKYLDIGHETER<\/h2>\t\t<\/div>\n\t\t\t\t<\/div>\n\t\t\t\t<div class=\"elementor-element elementor-element-5f70d95 elementor-widget elementor-widget-text-editor\" data-id=\"5f70d95\" data-element_type=\"widget\" data-widget_type=\"text-editor.default\">\n\t\t\t\t<div class=\"elementor-widget-container\">\n\t\t\t\t\t\t\t<p>Kunden, genom att anv\u00e4nda tj\u00e4nsterna som tillhandah\u00e5lls av &#8221;Bemanor&#8221; AS, genom att fylla i ett automatiskt f\u00f6rfr\u00e5gningsformul\u00e4r eller p\u00e5 n\u00e5got annat s\u00e4tt \u00f6verl\u00e4mna personuppgifter till tj\u00e4nsteleverant\u00f6ren och surfa p\u00e5 webbplatsen litrental.lt, godk\u00e4nner att deras personuppgifter kommer att behandlas i enlighet med best\u00e4mmelserna i denna integritetspolicy och anger att de \u00e4r bekanta med dem. Vid fr\u00e5gor eller oklarheter har kunden alltid r\u00e4tt att kontakta tj\u00e4nsteleverant\u00f6ren, som \u00e5tar sig att tillhandah\u00e5lla detaljerad information. <\/p>\n\t\t\t\t\t\t<\/div>\n\t\t\t\t<\/div>\n\t\t\t\t\t<\/div>\n\t\t\t\t<\/div>\n\t\t<div class=\"elementor-element elementor-element-cc83279 privacy-page-container e-flex e-con-boxed e-con e-parent\" data-id=\"cc83279\" data-element_type=\"container\" data-core-v316-plus=\"true\">\n\t\t\t\t\t<div class=\"e-con-inner\">\n\t\t\t\t<div class=\"elementor-element elementor-element-4556bac elementor-widget elementor-widget-heading\" data-id=\"4556bac\" data-element_type=\"widget\" data-widget_type=\"heading.default\">\n\t\t\t\t<div class=\"elementor-widget-container\">\n\t\t\t<h2 class=\"elementor-heading-title elementor-size-default\">3. PUBLICERING AV INFORMATION P\u00c5 WEBBPLATSEN<\/h2>\t\t<\/div>\n\t\t\t\t<\/div>\n\t\t\t\t<div class=\"elementor-element elementor-element-1f9acbf elementor-widget elementor-widget-text-editor\" data-id=\"1f9acbf\" data-element_type=\"widget\" data-widget_type=\"text-editor.default\">\n\t\t\t\t<div class=\"elementor-widget-container\">\n\t\t\t\t\t\t\t<p>&#8221;Bemanor&#8221; AS f\u00f6rbeh\u00e5ller sig r\u00e4tten att n\u00e4r som helst och utan f\u00f6rvarning \u00e4ndra, uppdatera eller helt ta bort information p\u00e5 webbplatsen Bemanor.lt.<\/p>\n\t\t\t\t\t\t<\/div>\n\t\t\t\t<\/div>\n\t\t\t\t\t<\/div>\n\t\t\t\t<\/div>\n\t\t<div class=\"elementor-element elementor-element-68d90ae privacy-page-container e-flex e-con-boxed e-con e-parent\" data-id=\"68d90ae\" data-element_type=\"container\" data-core-v316-plus=\"true\">\n\t\t\t\t\t<div class=\"e-con-inner\">\n\t\t\t\t<div class=\"elementor-element elementor-element-ee9a251 elementor-widget elementor-widget-heading\" data-id=\"ee9a251\" data-element_type=\"widget\" data-widget_type=\"heading.default\">\n\t\t\t\t<div class=\"elementor-widget-container\">\n\t\t\t<h2 class=\"elementor-heading-title elementor-size-default\">4. REGLER F\u00d6R HANTERING AV KUNDENS PERSONUPPGIFTER<\/h2>\t\t<\/div>\n\t\t\t\t<\/div>\n\t\t\t\t<div class=\"elementor-element elementor-element-f5b38a5 elementor-widget elementor-widget-text-editor\" data-id=\"f5b38a5\" data-element_type=\"widget\" data-widget_type=\"text-editor.default\">\n\t\t\t\t<div class=\"elementor-widget-container\">\n\t\t\t\t\t\t\t<p>Bemanor&#8221; AS meddelar att de hanterar insamling och bearbetning av viss kunds personuppgifter, men \u00e5tar sig att endast anv\u00e4nda uppgifterna i syfte att tillhandah\u00e5lla tj\u00e4nster eller f\u00f6rb\u00e4ttra kvaliteten p\u00e5 de erbjudna tj\u00e4nsterna (genom att svara p\u00e5 f\u00f6rfr\u00e5gningar, erbjuda f\u00f6rslag eller information om \u00e4ndringar i erbjudna tj\u00e4nster, utf\u00e4rda fakturor, analysera kundfl\u00f6den och deras behov, etc.). Dessutom \u00e5tar sig &#8221;Bemanor&#8221; AS att inte avsl\u00f6ja kundens personuppgifter till parter som inte \u00e4r involverade i tillhandah\u00e5llandet av tj\u00e4nsterna, f\u00f6rutom i de fall d\u00e4r lagen f\u00f6reskriver annorlunda.<\/p>\n\t\t\t\t\t\t<\/div>\n\t\t\t\t<\/div>\n\t\t\t\t\t<\/div>\n\t\t\t\t<\/div>\n\t\t<div class=\"elementor-element elementor-element-5abb27d privacy-page-container e-flex e-con-boxed e-con e-parent\" data-id=\"5abb27d\" data-element_type=\"container\" data-core-v316-plus=\"true\">\n\t\t\t\t\t<div class=\"e-con-inner\">\n\t\t\t\t<div class=\"elementor-element elementor-element-46449bd elementor-widget elementor-widget-heading\" data-id=\"46449bd\" data-element_type=\"widget\" data-widget_type=\"heading.default\">\n\t\t\t\t<div class=\"elementor-widget-container\">\n\t\t\t<h2 class=\"elementor-heading-title elementor-size-default\">5. \u00c5TG\u00c4RDER F\u00d6R BEHANDLING AV KUNDENS PERSONUPPGIFTER<\/h2>\t\t<\/div>\n\t\t\t\t<\/div>\n\t\t\t\t<div class=\"elementor-element elementor-element-f34fd4f elementor-widget elementor-widget-text-editor\" data-id=\"f34fd4f\" data-element_type=\"widget\" data-widget_type=\"text-editor.default\">\n\t\t\t\t<div class=\"elementor-widget-container\">\n\t\t\t\t\t\t\t<p>&#8221;Bemanor&#8221; AS samlar in och hanterar de personuppgifter fr\u00e5n kunden som anges n\u00e4r en f\u00f6rfr\u00e5gan skickas eller genom annan kommunikation med tj\u00e4nsteleverant\u00f6ren. Analys av kundfl\u00f6det utf\u00f6rs p\u00e5 kundens enheter som anv\u00e4nds f\u00f6r att surfa p\u00e5 webbplatsen Bemanor.lt, genom anv\u00e4ndning av cookies. <\/p>\n\t\t\t\t\t\t<\/div>\n\t\t\t\t<\/div>\n\t\t\t\t\t<\/div>\n\t\t\t\t<\/div>\n\t\t<div class=\"elementor-element elementor-element-43fc841 privacy-page-container e-flex e-con-boxed e-con e-parent\" data-id=\"43fc841\" data-element_type=\"container\" data-core-v316-plus=\"true\">\n\t\t\t\t\t<div class=\"e-con-inner\">\n\t\t\t\t<div class=\"elementor-element elementor-element-5a90afe elementor-widget elementor-widget-heading\" data-id=\"5a90afe\" data-element_type=\"widget\" data-widget_type=\"heading.default\">\n\t\t\t\t<div class=\"elementor-widget-container\">\n\t\t\t<h2 class=\"elementor-heading-title elementor-size-default\">6. M\u00d6JLIGA BEGR\u00c4NSNINGAR I TJ\u00c4NSTEUDELANDET<\/h2>\t\t<\/div>\n\t\t\t\t<\/div>\n\t\t\t\t<div class=\"elementor-element elementor-element-24224f4 elementor-widget elementor-widget-text-editor\" data-id=\"24224f4\" data-element_type=\"widget\" data-widget_type=\"text-editor.default\">\n\t\t\t\t<div class=\"elementor-widget-container\">\n\t\t\t\t\t\t\t<p>&#8221;Bemanor&#8221; AS meddelar att om en kund v\u00e4grar att f\u00f6lja de regler som anges i integritetspolicyn eller inte samtycker till deras till\u00e4mpning, f\u00f6rbeh\u00e5ller sig tj\u00e4nsteleverant\u00f6ren r\u00e4tten att pausa eller avbryta tillhandah\u00e5llandet av tj\u00e4nster. Dessa begr\u00e4nsningar kan ocks\u00e5 till\u00e4mpas vid misstankar om \u00e4ktheten i de personuppgifter som kunden har l\u00e4mnat eller om kunden inte uppfyller sina \u00e5taganden. <\/p>\n\t\t\t\t\t\t<\/div>\n\t\t\t\t<\/div>\n\t\t\t\t\t<\/div>\n\t\t\t\t<\/div>\n\t\t<div class=\"elementor-element elementor-element-21e9d5f privacy-page-container e-flex e-con-boxed e-con e-parent\" data-id=\"21e9d5f\" data-element_type=\"container\" data-core-v316-plus=\"true\">\n\t\t\t\t\t<div class=\"e-con-inner\">\n\t\t\t\t<div class=\"elementor-element elementor-element-c8f210f elementor-widget elementor-widget-heading\" data-id=\"c8f210f\" data-element_type=\"widget\" data-widget_type=\"heading.default\">\n\t\t\t\t<div class=\"elementor-widget-container\">\n\t\t\t<h2 class=\"elementor-heading-title elementor-size-default\">VAD \u00c4R KAKOR OCH VAD ANV\u00c4NDS DE F\u00d6R?<\/h2>\t\t<\/div>\n\t\t\t\t<\/div>\n\t\t\t\t<div class=\"elementor-element elementor-element-a863190 elementor-widget elementor-widget-text-editor\" data-id=\"a863190\" data-element_type=\"widget\" data-widget_type=\"text-editor.default\">\n\t\t\t\t<div class=\"elementor-widget-container\">\n\t\t\t\t\t\t\t<p>Cookies (eng. cookies) \u2013 \u00e4r kort textinformation som webbplatser placerar p\u00e5 datorer eller andra enheter hos anv\u00e4ndare som surfar p\u00e5 dem. Beroende p\u00e5 webbl\u00e4saren lagras denna information antingen i sm\u00e5 separata filer eller i en gemensam fil f\u00f6r cookies som skrivs av olika webbplatser. Cookies anv\u00e4nds av m\u00e5nga avancerade internetplatser i Litauen och utomlands. Cookies kan endast placeras om din enhets inst\u00e4llningar till\u00e5ter det.   <\/p>\n<p>P\u00e5 &#8221;Bemanor&#8221; AS webbplats anv\u00e4nds cookies f\u00f6r att avg\u00f6ra om personer fr\u00e5n din enhet redan har bes\u00f6kt v\u00e5ra webbplatser, f\u00f6r att komma ih\u00e5g utf\u00f6rda \u00e5tg\u00e4rder (t.ex. val av webbplatsens spr\u00e5k), f\u00f6r att ge dig den mest relevanta informationen och f\u00f6r att samla in sammanst\u00e4lld statistik \u00f6ver webbplatsens bes\u00f6ksantal.<\/p>\n\t\t\t\t\t\t<\/div>\n\t\t\t\t<\/div>\n\t\t\t\t\t<\/div>\n\t\t\t\t<\/div>\n\t\t\t\t<\/div>\n\t\t","protected":false},"excerpt":{"rendered":"<p>integritetspolicy 1. ALLM\u00c4NNA BEST\u00c4MMELSER &#8221;Bemanor&#8221; AS anger att det f\u00f6retagsdrivna webbplatsen Bemanor.lt fungerar enligt de regler och villkor som anges i denna sekretesspolicy. Dessutom informerar &#8221;Bemanor&#8221; AS att denna sekretesspolicy reglerar insamling och hantering av kundpersonuppgifter, syftet med att anv\u00e4nda s\u00e5dana data och insamlingsmetoder, samt regler f\u00f6r publicering av information p\u00e5 webbplatsen bemanor.lt och eventuella [&hellip;]<\/p>\n","protected":false},"author":1,"featured_media":0,"parent":0,"menu_order":0,"comment_status":"closed","ping_status":"open","template":"elementor_header_footer","meta":{"site-sidebar-layout":"default","site-content-layout":"","ast-site-content-layout":"default","site-content-style":"default","site-sidebar-style":"default","ast-global-header-display":"","ast-banner-title-visibility":"","ast-main-header-display":"","ast-hfb-above-header-display":"","ast-hfb-below-header-display":"","ast-hfb-mobile-header-display":"","site-post-title":"","ast-breadcrumbs-content":"","ast-featured-img":"","footer-sml-layout":"","theme-transparent-header-meta":"","adv-header-id-meta":"","stick-header-meta":"","header-above-stick-meta":"","header-main-stick-meta":"","header-below-stick-meta":"","astra-migrate-meta-layouts":"default","ast-page-background-enabled":"default","ast-page-background-meta":{"desktop":{"background-color":"","background-image":"","background-repeat":"repeat","background-position":"center center","background-size":"auto","background-attachment":"scroll","background-type":"","background-media":"","overlay-type":"","overlay-color":"","overlay-gradient":""},"tablet":{"background-color":"","background-image":"","background-repeat":"repeat","background-position":"center center","background-size":"auto","background-attachment":"scroll","background-type":"","background-media":"","overlay-type":"","overlay-color":"","overlay-gradient":""},"mobile":{"background-color":"","background-image":"","background-repeat":"repeat","background-position":"center center","background-size":"auto","background-attachment":"scroll","background-type":"","background-media":"","overlay-type":"","overlay-color":"","overlay-gradient":""}},"ast-content-background-meta":{"desktop":{"background-color":"var(--ast-global-color-5)","background-image":"","background-repeat":"repeat","background-position":"center center","background-size":"auto","background-attachment":"scroll","background-type":"","background-media":"","overlay-type":"","overlay-color":"","overlay-gradient":""},"tablet":{"background-color":"var(--ast-global-color-5)","background-image":"","background-repeat":"repeat","background-position":"center center","background-size":"auto","background-attachment":"scroll","background-type":"","background-media":"","overlay-type":"","overlay-color":"","overlay-gradient":""},"mobile":{"background-color":"var(--ast-global-color-5)","background-image":"","background-repeat":"repeat","background-position":"center center","background-size":"auto","background-attachment":"scroll","background-type":"","background-media":"","overlay-type":"","overlay-color":"","overlay-gradient":""}},"footnotes":""},"class_list":["post-8580","page","type-page","status-publish","hentry"],"yoast_head":"<!-- This site is optimized with the Yoast SEO plugin v27.5 - https:\/\/yoast.com\/product\/yoast-seo-wordpress\/ -->\n<title>Integritetspolicy - Bemanor<\/title>\n<meta name=\"robots\" content=\"index, follow, max-snippet:-1, max-image-preview:large, max-video-preview:-1\" \/>\n<link rel=\"canonical\" href=\"https:\/\/bemanor.no\/sv\/privacy-policy\/\" \/>\n<meta property=\"og:locale\" content=\"sv_SE\" \/>\n<meta property=\"og:type\" content=\"article\" \/>\n<meta property=\"og:title\" content=\"Integritetspolicy - Bemanor\" \/>\n<meta property=\"og:description\" content=\"integritetspolicy 1. ALLM\u00c4NNA BEST\u00c4MMELSER &#8221;Bemanor&#8221; AS anger att det f\u00f6retagsdrivna webbplatsen Bemanor.lt fungerar enligt de regler och villkor som anges i denna sekretesspolicy. Dessutom informerar &#8221;Bemanor&#8221; AS att denna sekretesspolicy reglerar insamling och hantering av kundpersonuppgifter, syftet med att anv\u00e4nda s\u00e5dana data och insamlingsmetoder, samt regler f\u00f6r publicering av information p\u00e5 webbplatsen bemanor.lt och eventuella [&hellip;]\" \/>\n<meta property=\"og:url\" content=\"https:\/\/bemanor.no\/sv\/privacy-policy\/\" \/>\n<meta property=\"og:site_name\" content=\"Bemanor\" \/>\n<meta property=\"article:modified_time\" content=\"2024-02-28T15:29:21+00:00\" \/>\n<meta name=\"twitter:card\" content=\"summary_large_image\" \/>\n<meta name=\"twitter:label1\" content=\"Ber\u00e4knad l\u00e4stid\" \/>\n\t<meta name=\"twitter:data1\" content=\"3 minuter\" \/>\n<script type=\"application\/ld+json\" class=\"yoast-schema-graph\">{\"@context\":\"https:\\\/\\\/schema.org\",\"@graph\":[{\"@type\":\"WebPage\",\"@id\":\"https:\\\/\\\/bemanor.no\\\/sv\\\/privacy-policy\\\/\",\"url\":\"https:\\\/\\\/bemanor.no\\\/sv\\\/privacy-policy\\\/\",\"name\":\"Integritetspolicy - Bemanor\",\"isPartOf\":{\"@id\":\"https:\\\/\\\/bemanor.no\\\/#website\"},\"datePublished\":\"2024-01-26T10:16:50+00:00\",\"dateModified\":\"2024-02-28T15:29:21+00:00\",\"breadcrumb\":{\"@id\":\"https:\\\/\\\/bemanor.no\\\/sv\\\/privacy-policy\\\/#breadcrumb\"},\"inLanguage\":\"sv-SE\",\"potentialAction\":[{\"@type\":\"ReadAction\",\"target\":[\"https:\\\/\\\/bemanor.no\\\/sv\\\/privacy-policy\\\/\"]}]},{\"@type\":\"BreadcrumbList\",\"@id\":\"https:\\\/\\\/bemanor.no\\\/sv\\\/privacy-policy\\\/#breadcrumb\",\"itemListElement\":[{\"@type\":\"ListItem\",\"position\":1,\"name\":\"Home\",\"item\":\"https:\\\/\\\/bemanor.no\\\/\"},{\"@type\":\"ListItem\",\"position\":2,\"name\":\"Privacy Policy\"}]},{\"@type\":\"WebSite\",\"@id\":\"https:\\\/\\\/bemanor.no\\\/#website\",\"url\":\"https:\\\/\\\/bemanor.no\\\/\",\"name\":\"Bemanor\",\"description\":\"\",\"publisher\":{\"@id\":\"https:\\\/\\\/bemanor.no\\\/#organization\"},\"potentialAction\":[{\"@type\":\"SearchAction\",\"target\":{\"@type\":\"EntryPoint\",\"urlTemplate\":\"https:\\\/\\\/bemanor.no\\\/?s={search_term_string}\"},\"query-input\":{\"@type\":\"PropertyValueSpecification\",\"valueRequired\":true,\"valueName\":\"search_term_string\"}}],\"inLanguage\":\"sv-SE\"},{\"@type\":\"Organization\",\"@id\":\"https:\\\/\\\/bemanor.no\\\/#organization\",\"name\":\"Bemanor\",\"url\":\"https:\\\/\\\/bemanor.no\\\/\",\"logo\":{\"@type\":\"ImageObject\",\"inLanguage\":\"sv-SE\",\"@id\":\"https:\\\/\\\/bemanor.no\\\/#\\\/schema\\\/logo\\\/image\\\/\",\"url\":\"https:\\\/\\\/bemanor.no\\\/wp-content\\\/uploads\\\/2024\\\/01\\\/logo_Bemanor-1.webp\",\"contentUrl\":\"https:\\\/\\\/bemanor.no\\\/wp-content\\\/uploads\\\/2024\\\/01\\\/logo_Bemanor-1.webp\",\"width\":399,\"height\":206,\"caption\":\"Bemanor\"},\"image\":{\"@id\":\"https:\\\/\\\/bemanor.no\\\/#\\\/schema\\\/logo\\\/image\\\/\"}}]}<\/script>\n<!-- \/ Yoast SEO plugin. -->","yoast_head_json":{"title":"Integritetspolicy - Bemanor","robots":{"index":"index","follow":"follow","max-snippet":"max-snippet:-1","max-image-preview":"max-image-preview:large","max-video-preview":"max-video-preview:-1"},"canonical":"https:\/\/bemanor.no\/sv\/privacy-policy\/","og_locale":"sv_SE","og_type":"article","og_title":"Integritetspolicy - Bemanor","og_description":"integritetspolicy 1. ALLM\u00c4NNA BEST\u00c4MMELSER &#8221;Bemanor&#8221; AS anger att det f\u00f6retagsdrivna webbplatsen Bemanor.lt fungerar enligt de regler och villkor som anges i denna sekretesspolicy. Dessutom informerar &#8221;Bemanor&#8221; AS att denna sekretesspolicy reglerar insamling och hantering av kundpersonuppgifter, syftet med att anv\u00e4nda s\u00e5dana data och insamlingsmetoder, samt regler f\u00f6r publicering av information p\u00e5 webbplatsen bemanor.lt och eventuella [&hellip;]","og_url":"https:\/\/bemanor.no\/sv\/privacy-policy\/","og_site_name":"Bemanor","article_modified_time":"2024-02-28T15:29:21+00:00","twitter_card":"summary_large_image","twitter_misc":{"Ber\u00e4knad l\u00e4stid":"3 minuter"},"schema":{"@context":"https:\/\/schema.org","@graph":[{"@type":"WebPage","@id":"https:\/\/bemanor.no\/sv\/privacy-policy\/","url":"https:\/\/bemanor.no\/sv\/privacy-policy\/","name":"Integritetspolicy - Bemanor","isPartOf":{"@id":"https:\/\/bemanor.no\/#website"},"datePublished":"2024-01-26T10:16:50+00:00","dateModified":"2024-02-28T15:29:21+00:00","breadcrumb":{"@id":"https:\/\/bemanor.no\/sv\/privacy-policy\/#breadcrumb"},"inLanguage":"sv-SE","potentialAction":[{"@type":"ReadAction","target":["https:\/\/bemanor.no\/sv\/privacy-policy\/"]}]},{"@type":"BreadcrumbList","@id":"https:\/\/bemanor.no\/sv\/privacy-policy\/#breadcrumb","itemListElement":[{"@type":"ListItem","position":1,"name":"Home","item":"https:\/\/bemanor.no\/"},{"@type":"ListItem","position":2,"name":"Privacy Policy"}]},{"@type":"WebSite","@id":"https:\/\/bemanor.no\/#website","url":"https:\/\/bemanor.no\/","name":"Bemanor","description":"","publisher":{"@id":"https:\/\/bemanor.no\/#organization"},"potentialAction":[{"@type":"SearchAction","target":{"@type":"EntryPoint","urlTemplate":"https:\/\/bemanor.no\/?s={search_term_string}"},"query-input":{"@type":"PropertyValueSpecification","valueRequired":true,"valueName":"search_term_string"}}],"inLanguage":"sv-SE"},{"@type":"Organization","@id":"https:\/\/bemanor.no\/#organization","name":"Bemanor","url":"https:\/\/bemanor.no\/","logo":{"@type":"ImageObject","inLanguage":"sv-SE","@id":"https:\/\/bemanor.no\/#\/schema\/logo\/image\/","url":"https:\/\/bemanor.no\/wp-content\/uploads\/2024\/01\/logo_Bemanor-1.webp","contentUrl":"https:\/\/bemanor.no\/wp-content\/uploads\/2024\/01\/logo_Bemanor-1.webp","width":399,"height":206,"caption":"Bemanor"},"image":{"@id":"https:\/\/bemanor.no\/#\/schema\/logo\/image\/"}}]}},"_links":{"self":[{"href":"https:\/\/bemanor.no\/sv\/wp-json\/wp\/v2\/pages\/8580","targetHints":{"allow":["GET"]}}],"collection":[{"href":"https:\/\/bemanor.no\/sv\/wp-json\/wp\/v2\/pages"}],"about":[{"href":"https:\/\/bemanor.no\/sv\/wp-json\/wp\/v2\/types\/page"}],"author":[{"embeddable":true,"href":"https:\/\/bemanor.no\/sv\/wp-json\/wp\/v2\/users\/1"}],"replies":[{"embeddable":true,"href":"https:\/\/bemanor.no\/sv\/wp-json\/wp\/v2\/comments?post=8580"}],"version-history":[{"count":8,"href":"https:\/\/bemanor.no\/sv\/wp-json\/wp\/v2\/pages\/8580\/revisions"}],"predecessor-version":[{"id":8899,"href":"https:\/\/bemanor.no\/sv\/wp-json\/wp\/v2\/pages\/8580\/revisions\/8899"}],"wp:attachment":[{"href":"https:\/\/bemanor.no\/sv\/wp-json\/wp\/v2\/media?parent=8580"}],"curies":[{"name":"wp","href":"https:\/\/api.w.org\/{rel}","templated":true}]}}