{"id":3,"date":"2024-01-26T10:16:50","date_gmt":"2024-01-26T10:16:50","guid":{"rendered":"http:\/\/bemanor-website.soliduskodas.lt\/?page_id=3"},"modified":"2024-02-28T14:44:03","modified_gmt":"2024-02-28T14:44:03","slug":"privacy-policy","status":"publish","type":"page","link":"https:\/\/bemanor.no\/lt\/privacy-policy\/","title":{"rendered":"Privacy Policy"},"content":{"rendered":"\t\t<div data-elementor-type=\"wp-page\" data-elementor-id=\"3\" class=\"elementor elementor-3\" data-elementor-post-type=\"page\">\n\t\t\t\t<div class=\"elementor-element elementor-element-111dc2d privacy-page-container e-flex e-con-boxed e-con e-parent\" data-id=\"111dc2d\" data-element_type=\"container\" data-core-v316-plus=\"true\">\n\t\t\t\t\t<div class=\"e-con-inner\">\n\t\t\t\t<div class=\"elementor-element elementor-element-6025e70 elementor-widget elementor-widget-heading\" data-id=\"6025e70\" data-element_type=\"widget\" data-widget_type=\"heading.default\">\n\t\t\t\t<div class=\"elementor-widget-container\">\n\t\t\t<style>\/*! elementor - v3.20.0 - 13-03-2024 *\/\n.elementor-heading-title{padding:0;margin:0;line-height:1}.elementor-widget-heading .elementor-heading-title[class*=elementor-size-]>a{color:inherit;font-size:inherit;line-height:inherit}.elementor-widget-heading .elementor-heading-title.elementor-size-small{font-size:15px}.elementor-widget-heading .elementor-heading-title.elementor-size-medium{font-size:19px}.elementor-widget-heading .elementor-heading-title.elementor-size-large{font-size:29px}.elementor-widget-heading .elementor-heading-title.elementor-size-xl{font-size:39px}.elementor-widget-heading .elementor-heading-title.elementor-size-xxl{font-size:59px}<\/style><h2 class=\"elementor-heading-title elementor-size-default\">Privatumo politika <\/h2>\t\t<\/div>\n\t\t\t\t<\/div>\n\t\t\t\t\t<\/div>\n\t\t\t\t<\/div>\n\t\t<div class=\"elementor-element elementor-element-5fbf49c7 privacy-page-container e-flex e-con-boxed e-con e-parent\" data-id=\"5fbf49c7\" data-element_type=\"container\" data-core-v316-plus=\"true\">\n\t\t\t\t\t<div class=\"e-con-inner\">\n\t\t\t\t<div class=\"elementor-element elementor-element-9762c0e elementor-widget elementor-widget-heading\" data-id=\"9762c0e\" data-element_type=\"widget\" data-widget_type=\"heading.default\">\n\t\t\t\t<div class=\"elementor-widget-container\">\n\t\t\t<h2 class=\"elementor-heading-title elementor-size-default\">1. BENDROSIOS NUOSTATOS<\/h2>\t\t<\/div>\n\t\t\t\t<\/div>\n\t\t\t\t<div class=\"elementor-element elementor-element-699a83d elementor-widget elementor-widget-text-editor\" data-id=\"699a83d\" data-element_type=\"widget\" data-widget_type=\"text-editor.default\">\n\t\t\t\t<div class=\"elementor-widget-container\">\n\t\t\t<style>\/*! elementor - v3.20.0 - 13-03-2024 *\/\n.elementor-widget-text-editor.elementor-drop-cap-view-stacked .elementor-drop-cap{background-color:#69727d;color:#fff}.elementor-widget-text-editor.elementor-drop-cap-view-framed .elementor-drop-cap{color:#69727d;border:3px solid;background-color:transparent}.elementor-widget-text-editor:not(.elementor-drop-cap-view-default) .elementor-drop-cap{margin-top:8px}.elementor-widget-text-editor:not(.elementor-drop-cap-view-default) .elementor-drop-cap-letter{width:1em;height:1em}.elementor-widget-text-editor .elementor-drop-cap{float:left;text-align:center;line-height:1;font-size:50px}.elementor-widget-text-editor .elementor-drop-cap-letter{display:inline-block}<\/style>\t\t\t\t<p>\u201eBemanor\u201c AS nurodo, kad bendrov\u0117s valdoma internetin\u0117 svetain\u0117 Bemanor.lt veikia pagal \u0161ioje Privatumo politikoje nurodytas taisykles ir s\u0105lygas. Taip pat \u201eBemanor\u201c AS informuoja, kad \u0161i Privatumo politika reglamentuoja ir kliento asmens duomen\u0173 kaupim\u0105 bei tvarkym\u0105, t\u0173 duomen\u0173 naudojimo tikslus ir kaupimo priemones, internetin\u0117je svetain\u0117je bemanor.lt esan\u010dios informacijos publikavimo taisykles bei galimus paslaug\u0173 teikimo apribojimus.<\/p>\t\t\t\t\t\t<\/div>\n\t\t\t\t<\/div>\n\t\t\t\t\t<\/div>\n\t\t\t\t<\/div>\n\t\t<div class=\"elementor-element elementor-element-8609611 privacy-page-container e-flex e-con-boxed e-con e-parent\" data-id=\"8609611\" data-element_type=\"container\" data-core-v316-plus=\"true\">\n\t\t\t\t\t<div class=\"e-con-inner\">\n\t\t\t\t<div class=\"elementor-element elementor-element-ccb7a42 elementor-widget elementor-widget-heading\" data-id=\"ccb7a42\" data-element_type=\"widget\" data-widget_type=\"heading.default\">\n\t\t\t\t<div class=\"elementor-widget-container\">\n\t\t\t<h2 class=\"elementor-heading-title elementor-size-default\">2. KLIENTO TEIS\u0116S IR PAREIGOS<\/h2>\t\t<\/div>\n\t\t\t\t<\/div>\n\t\t\t\t<div class=\"elementor-element elementor-element-5f70d95 elementor-widget elementor-widget-text-editor\" data-id=\"5f70d95\" data-element_type=\"widget\" data-widget_type=\"text-editor.default\">\n\t\t\t\t<div class=\"elementor-widget-container\">\n\t\t\t\t\t\t\t<p>Klientas, naudodamasis \u201eBemanor\u201c AS teikiamomis paslaugomis, pildydamas automatin\u0119 u\u017eklausos form\u0105 ar kokiu kitu b\u016bdu pateikdamas paslaugos teik\u0117jui bet kokius savo asmens duomenis bei nar\u0161ydamas internetin\u0117je svetain\u0117je litrental.lt, sutinka, kad jo asmens duomenys bus tvarkomi pagal \u0161ios Privatumo politikos nuostatas ir nurodo, kad yra su jomis susipa\u017ein\u0119s. Kilus klausimams ar neai\u0161kumams, klientas visada turi teis\u0119 kreiptis \u012f paslaugos teik\u0117j\u0105, o pastarasis \u012fsipareigoja jam suteikti i\u0161sami\u0105 informacij\u0105.<\/p>\t\t\t\t\t\t<\/div>\n\t\t\t\t<\/div>\n\t\t\t\t\t<\/div>\n\t\t\t\t<\/div>\n\t\t<div class=\"elementor-element elementor-element-cc83279 privacy-page-container e-flex e-con-boxed e-con e-parent\" data-id=\"cc83279\" data-element_type=\"container\" data-core-v316-plus=\"true\">\n\t\t\t\t\t<div class=\"e-con-inner\">\n\t\t\t\t<div class=\"elementor-element elementor-element-4556bac elementor-widget elementor-widget-heading\" data-id=\"4556bac\" data-element_type=\"widget\" data-widget_type=\"heading.default\">\n\t\t\t\t<div class=\"elementor-widget-container\">\n\t\t\t<h2 class=\"elementor-heading-title elementor-size-default\">3. INFORMACIJOS INTERNETIN\u0116JE SVETAIN\u0116JE PUBLIKAVIMAS<\/h2>\t\t<\/div>\n\t\t\t\t<\/div>\n\t\t\t\t<div class=\"elementor-element elementor-element-1f9acbf elementor-widget elementor-widget-text-editor\" data-id=\"1f9acbf\" data-element_type=\"widget\" data-widget_type=\"text-editor.default\">\n\t\t\t\t<div class=\"elementor-widget-container\">\n\t\t\t\t\t\t\t<p>\u201eBemanor\u201c AS pasilieka teis\u0119 be i\u0161ankstinio \u012fsp\u0117jimo, bet kuriuo metu keisti, atnaujinti ar visi\u0161kai pa\u0161alinti internetin\u0117je svetain\u0117je Bemanor.lt esan\u010di\u0105 informacij\u0105.<\/p>\t\t\t\t\t\t<\/div>\n\t\t\t\t<\/div>\n\t\t\t\t\t<\/div>\n\t\t\t\t<\/div>\n\t\t<div class=\"elementor-element elementor-element-68d90ae privacy-page-container e-flex e-con-boxed e-con e-parent\" data-id=\"68d90ae\" data-element_type=\"container\" data-core-v316-plus=\"true\">\n\t\t\t\t\t<div class=\"e-con-inner\">\n\t\t\t\t<div class=\"elementor-element elementor-element-ee9a251 elementor-widget elementor-widget-heading\" data-id=\"ee9a251\" data-element_type=\"widget\" data-widget_type=\"heading.default\">\n\t\t\t\t<div class=\"elementor-widget-container\">\n\t\t\t<h2 class=\"elementor-heading-title elementor-size-default\">4. KLIENTO ASMENS DUOMEN\u0172 TVARKYMO TAISYKL\u0116S<\/h2>\t\t<\/div>\n\t\t\t\t<\/div>\n\t\t\t\t<div class=\"elementor-element elementor-element-f5b38a5 elementor-widget elementor-widget-text-editor\" data-id=\"f5b38a5\" data-element_type=\"widget\" data-widget_type=\"text-editor.default\">\n\t\t\t\t<div class=\"elementor-widget-container\">\n\t\t\t\t\t\t\t<p>\u201eBemanor\u201c AS nurodo, kad vykdo kai kuri\u0173 kliento asmens duomen\u0173 kaupim\u0105 ir tvarkym\u0105, ta\u010diau \u012fsipareigoja turimus duomenis naudoti tik paslaug\u0173 teikimo ar teikiam\u0173 paslaug\u0173 kokyb\u0117s gerinimo tikslais (atsakydama \u012f u\u017eklausas, teikdama pasi\u016blymus ar informacij\u0105 apie teikiam\u0173 paslaug\u0173 pasikeitimus, i\u0161ra\u0161ydama s\u0105skaitas, analizuodama klient\u0173 srautus ir j\u0173 poreikius bei kt.) Taip pat \u201eBemanor\u201c AS \u012fsipareigoja turim\u0173 kliento asmens duomen\u0173 neatskleisti su paslaugos teikimu nesusijusiems asmenims, i\u0161skyrus tuos atvejus, kai prie\u0161ingai elgtis ver\u010dia \u012fstatymas.<\/p>\t\t\t\t\t\t<\/div>\n\t\t\t\t<\/div>\n\t\t\t\t\t<\/div>\n\t\t\t\t<\/div>\n\t\t<div class=\"elementor-element elementor-element-5abb27d privacy-page-container e-flex e-con-boxed e-con e-parent\" data-id=\"5abb27d\" data-element_type=\"container\" data-core-v316-plus=\"true\">\n\t\t\t\t\t<div class=\"e-con-inner\">\n\t\t\t\t<div class=\"elementor-element elementor-element-46449bd elementor-widget elementor-widget-heading\" data-id=\"46449bd\" data-element_type=\"widget\" data-widget_type=\"heading.default\">\n\t\t\t\t<div class=\"elementor-widget-container\">\n\t\t\t<h2 class=\"elementor-heading-title elementor-size-default\">5. KLIENTO ASMENS DUOMEN\u0172 TVARKYMO PRIEMON\u0116S<\/h2>\t\t<\/div>\n\t\t\t\t<\/div>\n\t\t\t\t<div class=\"elementor-element elementor-element-f34fd4f elementor-widget elementor-widget-text-editor\" data-id=\"f34fd4f\" data-element_type=\"widget\" data-widget_type=\"text-editor.default\">\n\t\t\t\t<div class=\"elementor-widget-container\">\n\t\t\t\t\t\t\t<p>\u201eBemanor\u201c AS kaupia ir tvarko tuos kliento asmens duomenis, kuriuos klientas nurodo si\u0173sdamas u\u017eklaus\u0105 ar kokiu kitu b\u016bdu susisiekdamas su paslaugos teik\u0117ju. Klient\u0173 srauto analiz\u0117 atliekama \u012f klient\u0173 \u012frenginius, kuriais nar\u0161oma internetin\u0117je svetain\u0117je Bemanor.lt, diegiant slapukus.<\/p>\t\t\t\t\t\t<\/div>\n\t\t\t\t<\/div>\n\t\t\t\t\t<\/div>\n\t\t\t\t<\/div>\n\t\t<div class=\"elementor-element elementor-element-43fc841 privacy-page-container e-flex e-con-boxed e-con e-parent\" data-id=\"43fc841\" data-element_type=\"container\" data-core-v316-plus=\"true\">\n\t\t\t\t\t<div class=\"e-con-inner\">\n\t\t\t\t<div class=\"elementor-element elementor-element-5a90afe elementor-widget elementor-widget-heading\" data-id=\"5a90afe\" data-element_type=\"widget\" data-widget_type=\"heading.default\">\n\t\t\t\t<div class=\"elementor-widget-container\">\n\t\t\t<h2 class=\"elementor-heading-title elementor-size-default\">6. GALIMI PASLAUG\u0172 TEIKIMO APRIBOJIMAI<\/h2>\t\t<\/div>\n\t\t\t\t<\/div>\n\t\t\t\t<div class=\"elementor-element elementor-element-24224f4 elementor-widget elementor-widget-text-editor\" data-id=\"24224f4\" data-element_type=\"widget\" data-widget_type=\"text-editor.default\">\n\t\t\t\t<div class=\"elementor-widget-container\">\n\t\t\t\t\t\t\t<p>\u201eBemanor\u201c AS nurodo, kad klientui atsisakius laikytis Privatumo politikoje nurodyt\u0173 taisykli\u0173 ar nesutinkant d\u0117l j\u0173 taikymo, paslaugos teik\u0117jas pasilieka teis\u0119 sustabdyti ar nutraukti paslaug\u0173 teikim\u0105. Taip pat \u0161ie apribojimai gali b\u016bti taikomi kilus \u012ftarimams d\u0117l pateikt\u0173 kliento asmens duomen\u0173 tikrumo ar klientui nevykdant \u012fsipareigojim\u0173.<\/p>\t\t\t\t\t\t<\/div>\n\t\t\t\t<\/div>\n\t\t\t\t\t<\/div>\n\t\t\t\t<\/div>\n\t\t<div class=\"elementor-element elementor-element-21e9d5f privacy-page-container e-flex e-con-boxed e-con e-parent\" data-id=\"21e9d5f\" data-element_type=\"container\" data-core-v316-plus=\"true\">\n\t\t\t\t\t<div class=\"e-con-inner\">\n\t\t\t\t<div class=\"elementor-element elementor-element-c8f210f elementor-widget elementor-widget-heading\" data-id=\"c8f210f\" data-element_type=\"widget\" data-widget_type=\"heading.default\">\n\t\t\t\t<div class=\"elementor-widget-container\">\n\t\t\t<h2 class=\"elementor-heading-title elementor-size-default\">7. KAS YRA SLAPUKAI IR KAM JIE NAUDOJAMI?<\/h2>\t\t<\/div>\n\t\t\t\t<\/div>\n\t\t\t\t<div class=\"elementor-element elementor-element-a863190 elementor-widget elementor-widget-text-editor\" data-id=\"a863190\" data-element_type=\"widget\" data-widget_type=\"text-editor.default\">\n\t\t\t\t<div class=\"elementor-widget-container\">\n\t\t\t\t\t\t\t<p>Slapukai (angl. cookies) \u2013 trumpa tekstin\u0117 informacija, kuri\u0105 svetain\u0117s patalpina jas nar\u0161an\u010di\u0173 vartotoj\u0173 kompiuteriuose ar kituose \u012frenginiuose. Priklausomai nuo nar\u0161ykl\u0117s, \u0161i informacija talpinama arba nedideliuose atskiruose failuose arba \u012fvairi\u0173 svetaini\u0173 \u012fra\u0161yt\u0173 slapuk\u0173 bendrame faile. Slapukus naudoja daugelis pa\u017eangi\u0173 internetini\u0173 svetaini\u0173 Lietuvoje ir u\u017esienyje. Slapukai gali b\u016bti patalpinti tik, jei t\u0105 leid\u017eia J\u016bs\u0173 \u012frenginio nustatymai.<\/p><p>\u201eBemanor\u201c AS svetain\u0117je slapukai naudojami tam, kad b\u016bt\u0173 galima nustatyti, ar asmenys i\u0161 J\u016bs\u0173 \u012frenginio jau lank\u0117si m\u016bs\u0173 svetain\u0117se, \u012fsiminti atliktus veiksmus (pvz. svetain\u0117s kalbos pasirinkimas), pateikti Jums aktualiausi\u0105 informacij\u0105, rinkti apibendrint\u0105 svetain\u0117s lankomumo statistik\u0105.<\/p>\t\t\t\t\t\t<\/div>\n\t\t\t\t<\/div>\n\t\t\t\t\t<\/div>\n\t\t\t\t<\/div>\n\t\t\t\t<\/div>\n\t\t","protected":false},"excerpt":{"rendered":"<p>Privatumo politika 1. BENDROSIOS NUOSTATOS \u201eBemanor\u201c AS nurodo, kad bendrov\u0117s valdoma internetin\u0117 svetain\u0117 Bemanor.lt veikia pagal \u0161ioje Privatumo politikoje nurodytas taisykles ir s\u0105lygas. Taip pat \u201eBemanor\u201c AS informuoja, kad \u0161i Privatumo politika reglamentuoja ir kliento asmens duomen\u0173 kaupim\u0105 bei tvarkym\u0105, t\u0173 duomen\u0173 naudojimo tikslus ir kaupimo priemones, internetin\u0117je svetain\u0117je bemanor.lt esan\u010dios informacijos publikavimo taisykles bei [&hellip;]<\/p>\n","protected":false},"author":1,"featured_media":0,"parent":0,"menu_order":0,"comment_status":"closed","ping_status":"open","template":"elementor_header_footer","meta":{"site-sidebar-layout":"default","site-content-layout":"","ast-site-content-layout":"default","site-content-style":"default","site-sidebar-style":"default","ast-global-header-display":"","ast-banner-title-visibility":"","ast-main-header-display":"","ast-hfb-above-header-display":"","ast-hfb-below-header-display":"","ast-hfb-mobile-header-display":"","site-post-title":"","ast-breadcrumbs-content":"","ast-featured-img":"","footer-sml-layout":"","theme-transparent-header-meta":"","adv-header-id-meta":"","stick-header-meta":"","header-above-stick-meta":"","header-main-stick-meta":"","header-below-stick-meta":"","astra-migrate-meta-layouts":"set","ast-page-background-enabled":"default","ast-page-background-meta":{"desktop":{"background-color":"","background-image":"","background-repeat":"repeat","background-position":"center center","background-size":"auto","background-attachment":"scroll","background-type":"","background-media":"","overlay-type":"","overlay-color":"","overlay-gradient":""},"tablet":{"background-color":"","background-image":"","background-repeat":"repeat","background-position":"center center","background-size":"auto","background-attachment":"scroll","background-type":"","background-media":"","overlay-type":"","overlay-color":"","overlay-gradient":""},"mobile":{"background-color":"","background-image":"","background-repeat":"repeat","background-position":"center center","background-size":"auto","background-attachment":"scroll","background-type":"","background-media":"","overlay-type":"","overlay-color":"","overlay-gradient":""}},"ast-content-background-meta":{"desktop":{"background-color":"var(--ast-global-color-5)","background-image":"","background-repeat":"repeat","background-position":"center center","background-size":"auto","background-attachment":"scroll","background-type":"","background-media":"","overlay-type":"","overlay-color":"","overlay-gradient":""},"tablet":{"background-color":"var(--ast-global-color-5)","background-image":"","background-repeat":"repeat","background-position":"center center","background-size":"auto","background-attachment":"scroll","background-type":"","background-media":"","overlay-type":"","overlay-color":"","overlay-gradient":""},"mobile":{"background-color":"var(--ast-global-color-5)","background-image":"","background-repeat":"repeat","background-position":"center center","background-size":"auto","background-attachment":"scroll","background-type":"","background-media":"","overlay-type":"","overlay-color":"","overlay-gradient":""}},"footnotes":""},"class_list":["post-3","page","type-page","status-publish","hentry"],"yoast_head":"<!-- This site is optimized with the Yoast SEO plugin v27.5 - https:\/\/yoast.com\/product\/yoast-seo-wordpress\/ -->\n<title>Privatumo politika - Bemanor<\/title>\n<meta name=\"robots\" content=\"index, follow, max-snippet:-1, max-image-preview:large, max-video-preview:-1\" \/>\n<link rel=\"canonical\" href=\"https:\/\/bemanor.no\/lt\/privacy-policy\/\" \/>\n<meta property=\"og:locale\" content=\"lt_LT\" \/>\n<meta property=\"og:type\" content=\"article\" \/>\n<meta property=\"og:title\" content=\"Privatumo politika - Bemanor\" \/>\n<meta property=\"og:description\" content=\"Privatumo politika 1. BENDROSIOS NUOSTATOS \u201eBemanor\u201c AS nurodo, kad bendrov\u0117s valdoma internetin\u0117 svetain\u0117 Bemanor.lt veikia pagal \u0161ioje Privatumo politikoje nurodytas taisykles ir s\u0105lygas. Taip pat \u201eBemanor\u201c AS informuoja, kad \u0161i Privatumo politika reglamentuoja ir kliento asmens duomen\u0173 kaupim\u0105 bei tvarkym\u0105, t\u0173 duomen\u0173 naudojimo tikslus ir kaupimo priemones, internetin\u0117je svetain\u0117je bemanor.lt esan\u010dios informacijos publikavimo taisykles bei [&hellip;]\" \/>\n<meta property=\"og:url\" content=\"https:\/\/bemanor.no\/lt\/privacy-policy\/\" \/>\n<meta property=\"og:site_name\" content=\"Bemanor\" \/>\n<meta property=\"article:modified_time\" content=\"2024-02-28T14:44:03+00:00\" \/>\n<meta name=\"twitter:card\" content=\"summary_large_image\" \/>\n<meta name=\"twitter:label1\" content=\"Est. reading time\" \/>\n\t<meta name=\"twitter:data1\" content=\"3 minut\u0117s\" \/>\n<script type=\"application\/ld+json\" class=\"yoast-schema-graph\">{\"@context\":\"https:\\\/\\\/schema.org\",\"@graph\":[{\"@type\":\"WebPage\",\"@id\":\"https:\\\/\\\/bemanor.no\\\/lt\\\/privacy-policy\\\/\",\"url\":\"https:\\\/\\\/bemanor.no\\\/lt\\\/privacy-policy\\\/\",\"name\":\"Privatumo politika - Bemanor\",\"isPartOf\":{\"@id\":\"https:\\\/\\\/bemanor.no\\\/#website\"},\"datePublished\":\"2024-01-26T10:16:50+00:00\",\"dateModified\":\"2024-02-28T14:44:03+00:00\",\"breadcrumb\":{\"@id\":\"https:\\\/\\\/bemanor.no\\\/lt\\\/privacy-policy\\\/#breadcrumb\"},\"inLanguage\":\"lt-LT\",\"potentialAction\":[{\"@type\":\"ReadAction\",\"target\":[\"https:\\\/\\\/bemanor.no\\\/lt\\\/privacy-policy\\\/\"]}]},{\"@type\":\"BreadcrumbList\",\"@id\":\"https:\\\/\\\/bemanor.no\\\/lt\\\/privacy-policy\\\/#breadcrumb\",\"itemListElement\":[{\"@type\":\"ListItem\",\"position\":1,\"name\":\"Home\",\"item\":\"https:\\\/\\\/bemanor.no\\\/lt\\\/\"},{\"@type\":\"ListItem\",\"position\":2,\"name\":\"Privacy Policy\"}]},{\"@type\":\"WebSite\",\"@id\":\"https:\\\/\\\/bemanor.no\\\/#website\",\"url\":\"https:\\\/\\\/bemanor.no\\\/\",\"name\":\"Bemanor\",\"description\":\"\",\"publisher\":{\"@id\":\"https:\\\/\\\/bemanor.no\\\/#organization\"},\"potentialAction\":[{\"@type\":\"SearchAction\",\"target\":{\"@type\":\"EntryPoint\",\"urlTemplate\":\"https:\\\/\\\/bemanor.no\\\/?s={search_term_string}\"},\"query-input\":{\"@type\":\"PropertyValueSpecification\",\"valueRequired\":true,\"valueName\":\"search_term_string\"}}],\"inLanguage\":\"lt-LT\"},{\"@type\":\"Organization\",\"@id\":\"https:\\\/\\\/bemanor.no\\\/#organization\",\"name\":\"Bemanor\",\"url\":\"https:\\\/\\\/bemanor.no\\\/\",\"logo\":{\"@type\":\"ImageObject\",\"inLanguage\":\"lt-LT\",\"@id\":\"https:\\\/\\\/bemanor.no\\\/#\\\/schema\\\/logo\\\/image\\\/\",\"url\":\"https:\\\/\\\/bemanor.no\\\/wp-content\\\/uploads\\\/2024\\\/01\\\/logo_Bemanor-1.webp\",\"contentUrl\":\"https:\\\/\\\/bemanor.no\\\/wp-content\\\/uploads\\\/2024\\\/01\\\/logo_Bemanor-1.webp\",\"width\":399,\"height\":206,\"caption\":\"Bemanor\"},\"image\":{\"@id\":\"https:\\\/\\\/bemanor.no\\\/#\\\/schema\\\/logo\\\/image\\\/\"}}]}<\/script>\n<!-- \/ Yoast SEO plugin. -->","yoast_head_json":{"title":"Privatumo politika - Bemanor","robots":{"index":"index","follow":"follow","max-snippet":"max-snippet:-1","max-image-preview":"max-image-preview:large","max-video-preview":"max-video-preview:-1"},"canonical":"https:\/\/bemanor.no\/lt\/privacy-policy\/","og_locale":"lt_LT","og_type":"article","og_title":"Privatumo politika - Bemanor","og_description":"Privatumo politika 1. BENDROSIOS NUOSTATOS \u201eBemanor\u201c AS nurodo, kad bendrov\u0117s valdoma internetin\u0117 svetain\u0117 Bemanor.lt veikia pagal \u0161ioje Privatumo politikoje nurodytas taisykles ir s\u0105lygas. Taip pat \u201eBemanor\u201c AS informuoja, kad \u0161i Privatumo politika reglamentuoja ir kliento asmens duomen\u0173 kaupim\u0105 bei tvarkym\u0105, t\u0173 duomen\u0173 naudojimo tikslus ir kaupimo priemones, internetin\u0117je svetain\u0117je bemanor.lt esan\u010dios informacijos publikavimo taisykles bei [&hellip;]","og_url":"https:\/\/bemanor.no\/lt\/privacy-policy\/","og_site_name":"Bemanor","article_modified_time":"2024-02-28T14:44:03+00:00","twitter_card":"summary_large_image","twitter_misc":{"Est. reading time":"3 minut\u0117s"},"schema":{"@context":"https:\/\/schema.org","@graph":[{"@type":"WebPage","@id":"https:\/\/bemanor.no\/lt\/privacy-policy\/","url":"https:\/\/bemanor.no\/lt\/privacy-policy\/","name":"Privatumo politika - Bemanor","isPartOf":{"@id":"https:\/\/bemanor.no\/#website"},"datePublished":"2024-01-26T10:16:50+00:00","dateModified":"2024-02-28T14:44:03+00:00","breadcrumb":{"@id":"https:\/\/bemanor.no\/lt\/privacy-policy\/#breadcrumb"},"inLanguage":"lt-LT","potentialAction":[{"@type":"ReadAction","target":["https:\/\/bemanor.no\/lt\/privacy-policy\/"]}]},{"@type":"BreadcrumbList","@id":"https:\/\/bemanor.no\/lt\/privacy-policy\/#breadcrumb","itemListElement":[{"@type":"ListItem","position":1,"name":"Home","item":"https:\/\/bemanor.no\/lt\/"},{"@type":"ListItem","position":2,"name":"Privacy Policy"}]},{"@type":"WebSite","@id":"https:\/\/bemanor.no\/#website","url":"https:\/\/bemanor.no\/","name":"Bemanor","description":"","publisher":{"@id":"https:\/\/bemanor.no\/#organization"},"potentialAction":[{"@type":"SearchAction","target":{"@type":"EntryPoint","urlTemplate":"https:\/\/bemanor.no\/?s={search_term_string}"},"query-input":{"@type":"PropertyValueSpecification","valueRequired":true,"valueName":"search_term_string"}}],"inLanguage":"lt-LT"},{"@type":"Organization","@id":"https:\/\/bemanor.no\/#organization","name":"Bemanor","url":"https:\/\/bemanor.no\/","logo":{"@type":"ImageObject","inLanguage":"lt-LT","@id":"https:\/\/bemanor.no\/#\/schema\/logo\/image\/","url":"https:\/\/bemanor.no\/wp-content\/uploads\/2024\/01\/logo_Bemanor-1.webp","contentUrl":"https:\/\/bemanor.no\/wp-content\/uploads\/2024\/01\/logo_Bemanor-1.webp","width":399,"height":206,"caption":"Bemanor"},"image":{"@id":"https:\/\/bemanor.no\/#\/schema\/logo\/image\/"}}]}},"_links":{"self":[{"href":"https:\/\/bemanor.no\/lt\/wp-json\/wp\/v2\/pages\/3","targetHints":{"allow":["GET"]}}],"collection":[{"href":"https:\/\/bemanor.no\/lt\/wp-json\/wp\/v2\/pages"}],"about":[{"href":"https:\/\/bemanor.no\/lt\/wp-json\/wp\/v2\/types\/page"}],"author":[{"embeddable":true,"href":"https:\/\/bemanor.no\/lt\/wp-json\/wp\/v2\/users\/1"}],"replies":[{"embeddable":true,"href":"https:\/\/bemanor.no\/lt\/wp-json\/wp\/v2\/comments?post=3"}],"version-history":[{"count":52,"href":"https:\/\/bemanor.no\/lt\/wp-json\/wp\/v2\/pages\/3\/revisions"}],"predecessor-version":[{"id":8821,"href":"https:\/\/bemanor.no\/lt\/wp-json\/wp\/v2\/pages\/3\/revisions\/8821"}],"wp:attachment":[{"href":"https:\/\/bemanor.no\/lt\/wp-json\/wp\/v2\/media?parent=3"}],"curies":[{"name":"wp","href":"https:\/\/api.w.org\/{rel}","templated":true}]}}